{"id":209,"date":"2025-01-13T17:54:58","date_gmt":"2025-01-13T16:54:58","guid":{"rendered":"https:\/\/www.microcombsys.eu\/?page_id=209"},"modified":"2025-01-13T17:56:12","modified_gmt":"2025-01-13T16:56:12","slug":"mikael-reichler","status":"publish","type":"page","link":"https:\/\/www.microcombsys.eu\/?page_id=209","title":{"rendered":"Mikael Reichler"},"content":{"rendered":"\n<figure class=\"wp-block-video\"><video height=\"360\" style=\"aspect-ratio: 640 \/ 360;\" width=\"640\" controls src=\"https:\/\/www.microcombsys.eu\/wp-content\/uploads\/2025\/01\/5_Mikael_Reichler.mp4\"><\/video><\/figure>\n\n\n\n<p><strong>Name:<\/strong><br>Mikael Reichler<\/p>\n\n\n\n<p><strong>Institution:<\/strong><br>EPFL (\u00c9cole Polytechnique F\u00e9d\u00e9rale de Lausanne), Switzerland<\/p>\n\n\n\n<p><strong>Nationality:<\/strong><br>Finnish<\/p>\n\n\n\n<p><strong>Academic Background:<\/strong><br>2019 \u2013 2022, B.Sc\u00a0Engineering Physics and Mathematics, Aalto University<br>2022 \u2013 2024, M.Sc\u00a0Engineering Physics, Aalto University\u00a0<\/p>\n\n\n\n<p><strong>PhD topic:<\/strong><br>My work is focused on the development of highly coherent and frequency-agile photonic integrated lasers, that are the key enabling technology behind many applications of microcombs, ranging from ultra-high bandwidth telecommunications to massively parallel light detection and ranging (LiDAR). Such applications require on-chip lasers that emit light within a narrow wavelength range, i.e., have a narrow linewidth, while being tunable over a wide frequency range at high tuning rates. I aim to achieve this by utilizing the stress-optic and electro-optic effects in material platforms such as silicon nitride and lithium niobate, respectively, while leveraging novel wafer-scale fabrication methods. Combining these low-loss photonic integrated circuit platforms with gain elements such as heterogeneously integrated\u00a0 III-V amplifiers or on-chip erbium implantation will enable low-cost power efficient microcomb-based devices.<\/p>\n\n\n\n<p><strong>Contact:<\/strong><br>mikael.reichler@epfl.ch<\/p>\n\n\n\n<p><\/p>\n","protected":false},"excerpt":{"rendered":"<p>Name:Mikael Reichler Institution:EPFL (\u00c9cole Polytechnique F\u00e9d\u00e9rale de Lausanne), Switzerland Nationality:Finnish Academic Background:2019 \u2013 2022, B.Sc\u00a0Engineering Physics and Mathematics, Aalto University2022 \u2013 2024, M.Sc\u00a0Engineering Physics, Aalto University\u00a0 PhD topic:My work is focused on the development of highly coherent and frequency-agile photonic integrated lasers, that are the key enabling technology behind many applications of microcombs, ranging from [&hellip;]<\/p>\n","protected":false},"author":5,"featured_media":0,"parent":19,"menu_order":0,"comment_status":"closed","ping_status":"closed","template":"","meta":{"footnotes":""},"class_list":["post-209","page","type-page","status-publish","hentry"],"_links":{"self":[{"href":"https:\/\/www.microcombsys.eu\/index.php?rest_route=\/wp\/v2\/pages\/209","targetHints":{"allow":["GET"]}}],"collection":[{"href":"https:\/\/www.microcombsys.eu\/index.php?rest_route=\/wp\/v2\/pages"}],"about":[{"href":"https:\/\/www.microcombsys.eu\/index.php?rest_route=\/wp\/v2\/types\/page"}],"author":[{"embeddable":true,"href":"https:\/\/www.microcombsys.eu\/index.php?rest_route=\/wp\/v2\/users\/5"}],"replies":[{"embeddable":true,"href":"https:\/\/www.microcombsys.eu\/index.php?rest_route=%2Fwp%2Fv2%2Fcomments&post=209"}],"version-history":[{"count":1,"href":"https:\/\/www.microcombsys.eu\/index.php?rest_route=\/wp\/v2\/pages\/209\/revisions"}],"predecessor-version":[{"id":210,"href":"https:\/\/www.microcombsys.eu\/index.php?rest_route=\/wp\/v2\/pages\/209\/revisions\/210"}],"up":[{"embeddable":true,"href":"https:\/\/www.microcombsys.eu\/index.php?rest_route=\/wp\/v2\/pages\/19"}],"wp:attachment":[{"href":"https:\/\/www.microcombsys.eu\/index.php?rest_route=%2Fwp%2Fv2%2Fmedia&parent=209"}],"curies":[{"name":"wp","href":"https:\/\/api.w.org\/{rel}","templated":true}]}}