{"id":205,"date":"2025-01-13T17:46:23","date_gmt":"2025-01-13T16:46:23","guid":{"rendered":"https:\/\/www.microcombsys.eu\/?page_id=205"},"modified":"2025-01-13T18:12:58","modified_gmt":"2025-01-13T17:12:58","slug":"shivaprasad-hulyal","status":"publish","type":"page","link":"https:\/\/www.microcombsys.eu\/?page_id=205","title":{"rendered":"Shivaprasad Hulyal"},"content":{"rendered":"\n<figure class=\"wp-block-video\"><video height=\"360\" style=\"aspect-ratio: 640 \/ 360;\" width=\"640\" controls src=\"https:\/\/www.microcombsys.eu\/wp-content\/uploads\/2025\/01\/7_Shiva_Hulyal.mp4\"><\/video><\/figure>\n\n\n\n<p><strong>Name:<\/strong><br>Shivaprasad Hulyal<\/p>\n\n\n\n<p><strong>Institution:<\/strong><br>\u00c9cole Polytechnique F\u00e9d\u00e9rale de Lausanne<\/p>\n\n\n\n<p><strong>Nationality:<\/strong><br>Indian<\/p>\n\n\n\n<p><strong>Academic Background:<\/strong><br>2019-2023, B.Tech Engineering Physics, Indian Institute of Technology Madras<\/p>\n\n\n\n<p><strong>PhD topic:\u00a0<\/strong><br>My PhD research focuses on developing programmable on-chip frequency comb sources, aiming to integrate both comb generation and spectral shaping within photonic integrated circuits to tailor the optical spectrum for a diverse range of applications. My work involves generating efficient Kerr and electro-optic microcombs, as well as developing integrated spectral shapers based on large-scale microresonator banks and arrayed waveguide gratings. By leveraging the unique properties of these technologies, I am working to create spectral shapers that are compact, high-speed, energy-efficient, and exhibit low crosstalk, providing performance that surpasses existing bulk or integrated solutions. My work will have significant applications in next-generation optical communications, optical computing, microwave photonics, and advanced signal processing. These programmable frequency comb sources have the potential to revolutionize many fields by providing highly versatile tunable light sources and will pave the way for more efficient and reconfigurable photonic systems.<\/p>\n\n\n\n<p><strong>Contact:<\/strong><br>shivaprasad.hulyal@epfl.ch<\/p>\n","protected":false},"excerpt":{"rendered":"<p>Name:Shivaprasad Hulyal Institution:\u00c9cole Polytechnique F\u00e9d\u00e9rale de Lausanne Nationality:Indian Academic Background:2019-2023, B.Tech Engineering Physics, Indian Institute of Technology Madras PhD topic:\u00a0My PhD research focuses on developing programmable on-chip frequency comb sources, aiming to integrate both comb generation and spectral shaping within photonic integrated circuits to tailor the optical spectrum for a diverse range of applications. My [&hellip;]<\/p>\n","protected":false},"author":5,"featured_media":0,"parent":19,"menu_order":0,"comment_status":"closed","ping_status":"closed","template":"","meta":{"footnotes":""},"class_list":["post-205","page","type-page","status-publish","hentry"],"_links":{"self":[{"href":"https:\/\/www.microcombsys.eu\/index.php?rest_route=\/wp\/v2\/pages\/205","targetHints":{"allow":["GET"]}}],"collection":[{"href":"https:\/\/www.microcombsys.eu\/index.php?rest_route=\/wp\/v2\/pages"}],"about":[{"href":"https:\/\/www.microcombsys.eu\/index.php?rest_route=\/wp\/v2\/types\/page"}],"author":[{"embeddable":true,"href":"https:\/\/www.microcombsys.eu\/index.php?rest_route=\/wp\/v2\/users\/5"}],"replies":[{"embeddable":true,"href":"https:\/\/www.microcombsys.eu\/index.php?rest_route=%2Fwp%2Fv2%2Fcomments&post=205"}],"version-history":[{"count":1,"href":"https:\/\/www.microcombsys.eu\/index.php?rest_route=\/wp\/v2\/pages\/205\/revisions"}],"predecessor-version":[{"id":206,"href":"https:\/\/www.microcombsys.eu\/index.php?rest_route=\/wp\/v2\/pages\/205\/revisions\/206"}],"up":[{"embeddable":true,"href":"https:\/\/www.microcombsys.eu\/index.php?rest_route=\/wp\/v2\/pages\/19"}],"wp:attachment":[{"href":"https:\/\/www.microcombsys.eu\/index.php?rest_route=%2Fwp%2Fv2%2Fmedia&parent=205"}],"curies":[{"name":"wp","href":"https:\/\/api.w.org\/{rel}","templated":true}]}}